{"id":14,"date":"2026-02-28T08:50:28","date_gmt":"2026-02-28T08:50:28","guid":{"rendered":"https:\/\/www.securlo.net\/?page_id=14"},"modified":"2026-02-28T16:14:49","modified_gmt":"2026-02-28T16:14:49","slug":"o-nas","status":"publish","type":"page","link":"https:\/\/www.securlo.net\/index.php\/en\/o-nas\/","title":{"rendered":"O NAS"},"content":{"rendered":"\n<h2 class=\"wp-block-heading\">O Securlo.net \u2013 Twoim przewodniku po cyfrowym bezpiecze\u0144stwie<\/h2>\n\n\n\n<p>W Securlo.net wierzymy, \u017ce prywatno\u015b\u0107 w sieci nie powinna by\u0107 skomplikowana ani zarezerwowana tylko dla ekspert\u00f3w IT. Nasz\u0105 misj\u0105 jest dostarczanie rzetelnych, przetestowanych informacji o narz\u0119dziach, kt\u00f3re chroni\u0105 Twoje dane, Twoj\u0105 rodzin\u0119 i Twoj\u0105 wolno\u015b\u0107 w internecie.<\/p>\n\n\n\n<p><strong>Dlaczego my?<\/strong> <\/p>\n\n\n\n<p>\u015awiat cyberbezpiecze\u0144stwa zmienia si\u0119 z dnia na dzie\u0144. Nowe zagro\u017cenia, wycieki danych i cenzura wymagaj\u0105 sprawdzonych rozwi\u0105za\u0144. W Securlo testujemy us\u0142ugi VPN, mened\u017cery hase\u0142 i narz\u0119dzia do anonimizacji, aby\u015b Ty nie musia\u0142 traci\u0107 na to czasu.<\/p>\n\n\n\n<p><strong>Nasze zasady:<\/strong><\/p>\n\n\n\n<ul class=\"wp-block-list\">\n<li><strong>Obiektywizm:<\/strong> Testujemy narz\u0119dzia w realnych warunkach.<\/li>\n\n\n\n<li><strong>Dost\u0119pno\u015b\u0107:<\/strong> Wyja\u015bniamy trudne poj\u0119cia prostym j\u0119zykiem.<\/li>\n\n\n\n<li><strong>Globalne spojrzenie:<\/strong> Dzia\u0142amy dwuj\u0119zycznie, aby dociera\u0107 do u\u017cytkownik\u00f3w w Polsce i na ca\u0142ym \u015bwiecie.<\/li>\n<\/ul>\n\n\n\n<p>Twoje bezpiecze\u0144stwo zaczyna si\u0119 tutaj.<\/p>\n","protected":false},"excerpt":{"rendered":"<p>O Securlo.net \u2013 Twoim przewodniku po cyfrowym bezpiecze\u0144stwie W Securlo.net wierzymy, \u017ce prywatno\u015b\u0107 w sieci nie powinna by\u0107 skomplikowana ani zarezerwowana tylko dla ekspert\u00f3w IT. Nasz\u0105 misj\u0105 jest dostarczanie rzetelnych, przetestowanych informacji o narz\u0119dziach, kt\u00f3re chroni\u0105 Twoje dane, Twoj\u0105 rodzin\u0119 i Twoj\u0105 wolno\u015b\u0107 w internecie. Dlaczego my? \u015awiat cyberbezpiecze\u0144stwa zmienia si\u0119 z dnia na dzie\u0144&#8230;.<\/p>\n","protected":false},"author":1,"featured_media":0,"parent":0,"menu_order":0,"comment_status":"closed","ping_status":"closed","template":"","meta":{"_kadence_starter_templates_imported_post":false,"_kad_post_transparent":"","_kad_post_title":"","_kad_post_layout":"","_kad_post_sidebar_id":"","_kad_post_content_style":"","_kad_post_vertical_padding":"","_kad_post_feature":"","_kad_post_feature_position":"","_kad_post_header":false,"_kad_post_footer":false,"_kad_post_classname":"","footnotes":""},"class_list":["post-14","page","type-page","status-publish","hentry"],"_links":{"self":[{"href":"https:\/\/www.securlo.net\/index.php\/wp-json\/wp\/v2\/pages\/14","targetHints":{"allow":["GET"]}}],"collection":[{"href":"https:\/\/www.securlo.net\/index.php\/wp-json\/wp\/v2\/pages"}],"about":[{"href":"https:\/\/www.securlo.net\/index.php\/wp-json\/wp\/v2\/types\/page"}],"author":[{"embeddable":true,"href":"https:\/\/www.securlo.net\/index.php\/wp-json\/wp\/v2\/users\/1"}],"replies":[{"embeddable":true,"href":"https:\/\/www.securlo.net\/index.php\/wp-json\/wp\/v2\/comments?post=14"}],"version-history":[{"count":2,"href":"https:\/\/www.securlo.net\/index.php\/wp-json\/wp\/v2\/pages\/14\/revisions"}],"predecessor-version":[{"id":47,"href":"https:\/\/www.securlo.net\/index.php\/wp-json\/wp\/v2\/pages\/14\/revisions\/47"}],"wp:attachment":[{"href":"https:\/\/www.securlo.net\/index.php\/wp-json\/wp\/v2\/media?parent=14"}],"curies":[{"name":"wp","href":"https:\/\/api.w.org\/{rel}","templated":true}]}}